{"id":4061,"date":"2022-06-23T13:17:09","date_gmt":"2022-06-23T13:17:09","guid":{"rendered":"https:\/\/www.jobandjoy.eu\/?page_id=4061"},"modified":"2022-08-23T10:28:57","modified_gmt":"2022-08-23T10:28:57","slug":"nous-contacter","status":"publish","type":"page","link":"https:\/\/staging.jobandjoy.eu\/fr\/nous-contacter\/","title":{"rendered":"Nous Contacter"},"content":{"rendered":"<div class=\"fusion-fullwidth fullwidth-box fusion-builder-row-1 fusion-flex-container nonhundred-percent-fullwidth non-hundred-percent-height-scrolling\" style=\"--awb-border-radius-top-left:0px;--awb-border-radius-top-right:0px;--awb-border-radius-bottom-right:0px;--awb-border-radius-bottom-left:0px;--awb-flex-wrap:wrap;\" ><div class=\"fusion-builder-row fusion-row fusion-flex-align-items-flex-start fusion-flex-content-wrap\" style=\"max-width:1248px;margin-left: calc(-4% \/ 2 );margin-right: calc(-4% \/ 2 );\"><div class=\"fusion-layout-column fusion_builder_column fusion-builder-column-0 fusion_builder_column_1_3 1_3 fusion-flex-column\" style=\"--awb-bg-size:cover;--awb-width-large:33.333333333333%;--awb-margin-top-large:0px;--awb-spacing-right-large:5.76%;--awb-margin-bottom-large:20px;--awb-spacing-left-large:5.76%;--awb-width-medium:33.333333333333%;--awb-order-medium:0;--awb-spacing-right-medium:5.76%;--awb-spacing-left-medium:5.76%;--awb-width-small:100%;--awb-order-small:0;--awb-spacing-right-small:1.92%;--awb-spacing-left-small:1.92%;\"><div class=\"fusion-column-wrapper fusion-column-has-shadow fusion-flex-justify-content-flex-start fusion-content-layout-column\"><div class=\"fusion-image-element \" style=\"--awb-caption-title-font-family:var(--h2_typography-font-family);--awb-caption-title-font-weight:var(--h2_typography-font-weight);--awb-caption-title-font-style:var(--h2_typography-font-style);--awb-caption-title-size:var(--h2_typography-font-size);--awb-caption-title-transform:var(--h2_typography-text-transform);--awb-caption-title-line-height:var(--h2_typography-line-height);--awb-caption-title-letter-spacing:var(--h2_typography-letter-spacing);\"><span class=\" fusion-imageframe imageframe-none imageframe-1 hover-type-none\"><img decoding=\"async\" width=\"400\" height=\"267\" alt=\"Job&amp;Joy pour votre entreprise : notre \u00e9quipe d&#039;experts est toujours disponible\" src=\"https:\/\/staging.jobandjoy.eu\/wp-content\/uploads\/2022\/07\/JobJoy-booking-appointment.png\" data-orig-src=\"https:\/\/www.jobandjoy.it\/wp-content\/uploads\/2022\/07\/JobJoy-booking-appointment-400x267.png\" class=\"lazyload img-responsive wp-image-4039\" srcset=\"data:image\/svg+xml,%3Csvg%20xmlns%3D%27http%3A%2F%2Fwww.w3.org%2F2000%2Fsvg%27%20width%3D%27750%27%20height%3D%27500%27%20viewBox%3D%270%200%20750%20500%27%3E%3Crect%20width%3D%27750%27%20height%3D%27500%27%20fill-opacity%3D%220%22%2F%3E%3C%2Fsvg%3E\" data-srcset=\"https:\/\/staging.jobandjoy.eu\/wp-content\/uploads\/2022\/07\/JobJoy-booking-appointment-200x133.png 200w, https:\/\/staging.jobandjoy.eu\/wp-content\/uploads\/2022\/07\/JobJoy-booking-appointment-400x267.png 400w, https:\/\/staging.jobandjoy.eu\/wp-content\/uploads\/2022\/07\/JobJoy-booking-appointment-600x400.png 600w, https:\/\/staging.jobandjoy.eu\/wp-content\/uploads\/2022\/07\/JobJoy-booking-appointment.png 750w\" data-sizes=\"auto\" data-orig-sizes=\"(max-width: 640px) 100vw, 400px\" \/><\/span><\/div><\/div><\/div><div class=\"fusion-layout-column fusion_builder_column fusion-builder-column-1 fusion_builder_column_2_3 2_3 fusion-flex-column\" style=\"--awb-bg-size:cover;--awb-width-large:66.666666666667%;--awb-margin-top-large:0px;--awb-spacing-right-large:2.88%;--awb-margin-bottom-large:20px;--awb-spacing-left-large:2.88%;--awb-width-medium:66.666666666667%;--awb-order-medium:0;--awb-spacing-right-medium:2.88%;--awb-spacing-left-medium:2.88%;--awb-width-small:100%;--awb-order-small:0;--awb-spacing-right-small:1.92%;--awb-spacing-left-small:1.92%;\"><div class=\"fusion-column-wrapper fusion-column-has-shadow fusion-flex-justify-content-flex-start fusion-content-layout-column\"><div class=\"fusion-title title fusion-title-1 fusion-sep-none fusion-title-text fusion-title-size-one\" style=\"--awb-text-color:var(--awb-custom_color_2);--awb-font-size:1.875em;\"><h1 class=\"fusion-title-heading title-heading-left fusion-responsive-typography-calculated\" style=\"font-family:var(--awb-typography1-font-family);font-weight:var(--awb-typography1-font-weight);font-style:var(--awb-typography1-font-style);margin:0;letter-spacing:var(--awb-typography1-letter-spacing);font-size:1em;--fontSize:30;line-height:var(--awb-typography1-line-height);\">Choisissez Job&amp;Joy pour votre entreprise<\/h1><\/div><div class=\"fusion-text fusion-text-1\" id=\"intro-text-form\"><p>Notre \u00e9quipe d&rsquo;experts est toujours disponible pour vous proposer la meilleure solution pour votre entreprise. Parlez-nous :<\/p>\n<\/div>\n<div class=\"wpcf7 no-js\" id=\"wpcf7-f4072-o1\" lang=\"fr-FR\" dir=\"ltr\" data-wpcf7-id=\"4072\">\n<div class=\"screen-reader-response\"><p role=\"status\" aria-live=\"polite\" aria-atomic=\"true\"><\/p> <ul><\/ul><\/div>\n<form action=\"\/fr\/wp-json\/wp\/v2\/pages\/4061#wpcf7-f4072-o1\" method=\"post\" class=\"wpcf7-form init\" aria-label=\"Formulaire de contact\" novalidate=\"novalidate\" data-status=\"init\">\n<fieldset class=\"hidden-fields-container\"><input type=\"hidden\" name=\"_wpcf7\" value=\"4072\" \/><input type=\"hidden\" name=\"_wpcf7_version\" value=\"6.1.5\" \/><input type=\"hidden\" name=\"_wpcf7_locale\" value=\"fr_FR\" \/><input type=\"hidden\" name=\"_wpcf7_unit_tag\" value=\"wpcf7-f4072-o1\" \/><input type=\"hidden\" name=\"_wpcf7_container_post\" value=\"0\" \/><input type=\"hidden\" name=\"_wpcf7_posted_data_hash\" value=\"\" \/><input type=\"hidden\" name=\"_wpcf7_recaptcha_response\" value=\"\" \/>\n<\/fieldset>\n<div id=\"richiedi-preventivo-inner-form\" class=\"basic-form\">\n\t<p style=\"display:none;margin:0;padding:0\"><span class=\"wpcf7-form-control-wrap\" data-name=\"booking-id\"><input class=\"wpcf7-form-control wpcf7-number wpcf7-validates-as-number\" id=\"booking-id\" aria-invalid=\"false\" value=\"\" type=\"number\" name=\"booking-id\" \/><\/span>\n\t<\/p>\n\t<div class=\"fusion-columns fusion-clearfix\">\n\t\t<div class=\"col-lg-6 col-md-6 col-sm-12\">\n\t\t\t<h2 class=\"padded-top title-heading-left fusion-responsive-typography-calculated\" style=\"padding-bottom:1.25em;font-family:var(--awb-typography1-font-family);font-weight:var(--awb-typography1-font-weight);font-style:var(--awb-typography1-font-style);margin:0;font-size:1.313em;letter-spacing:var(--awb-typography1-letter-spacing);color:var(--awb-custom_color_2);--fontSize:21;line-height:var(--awb-typography1-line-height);\"><i class=\"em em-one\" aria-role=\"presentation\" aria-label=\"KEYCAP 1\"><\/i> Veuillez saisir vos coordonn\u00e9es\n\t\t\t<\/h2>\n\t\t<\/div>\n\t\t<div class=\"col-lg-6 col-md-6 col-sm-12\">\n\t\t\t<p><small class=\"basic-form-mandatory\"><em>* Les champs marqu\u00e9s d'un ast\u00e9risque sont obligatoires.<\/em><\/small>\n\t\t\t<\/p>\n\t\t<\/div>\n\t<\/div>\n\t<div class=\"fusion-columns fusion-clearfix\">\n\t\t<div class=\"col-lg-6 col-md-6 col-sm-12\">\n\t\t\t<p>Nom *<br \/>\n<span class=\"wpcf7-form-control-wrap\" data-name=\"your-name\"><input size=\"40\" maxlength=\"400\" class=\"wpcf7-form-control wpcf7-text wpcf7-validates-as-required\" id=\"your-name\" aria-required=\"true\" aria-invalid=\"false\" placeholder=\"Veuillez entrer votre nom\" value=\"\" type=\"text\" name=\"your-name\" \/><\/span>\n\t\t\t<\/p>\n\t\t<\/div>\n\t\t<div class=\"col-lg-6 col-md-6 col-sm-12\">\n\t\t\t<p>Nom de famille *<br \/>\n<span class=\"wpcf7-form-control-wrap\" data-name=\"your-surname\"><input size=\"40\" maxlength=\"400\" class=\"wpcf7-form-control wpcf7-text wpcf7-validates-as-required\" id=\"your-surname\" aria-required=\"true\" aria-invalid=\"false\" placeholder=\"Veuillez entrer votre nom de famille\" value=\"\" type=\"text\" name=\"your-surname\" \/><\/span>\n\t\t\t<\/p>\n\t\t<\/div>\n\t<\/div>\n\t<div class=\"fusion-columns fusion-clearfix\">\n\t\t<div class=\"col-lg-4 col-md-4 col-sm-12\">\n\t\t\t<p>Pays *<br \/>\n<span class=\"wpcf7-form-control-wrap\" data-name=\"country-list\"><select class=\"wpcf7-form-control wpcf7-select wpcf7-validates-as-required\" aria-required=\"true\" aria-invalid=\"false\" name=\"country-list\"><option value=\"\">&#8212;Veuillez choisir une option&#8212;<\/option><option value=\"Italie\">Italie<\/option><option value=\"Espagne\">Espagne<\/option><option value=\"France\">France<\/option><option value=\"Allemagne\">Allemagne<\/option><option value=\"Pologne\">Pologne<\/option><option value=\"- Autres\">- Autres<\/option><\/select><\/span>\n\t\t\t<\/p>\n\t\t<\/div>\n\t<\/div>\n\t<div class=\"fusion-columns fusion-clearfix\">\n\t\t<div class=\"col-lg-6 col-md-6 col-sm-12\">\n\t\t\t<p>Courriel *<br \/>\n<span class=\"wpcf7-form-control-wrap\" data-name=\"email\"><input size=\"40\" maxlength=\"400\" class=\"wpcf7-form-control wpcf7-email wpcf7-validates-as-required wpcf7-text wpcf7-validates-as-email\" aria-required=\"true\" aria-invalid=\"false\" placeholder=\"Veuillez entrer votre courriel\" value=\"\" type=\"email\" name=\"email\" \/><\/span>\n\t\t\t<\/p>\n\t\t<\/div>\n\t\t<div class=\"col-lg-6 col-md-6 col-sm-12\">\n\t\t\t<p>T\u00e9l\u00e9phone *<br \/>\n<span class=\"wpcf7-form-control-wrap\" data-name=\"numero-telefono\"><input size=\"40\" maxlength=\"400\" class=\"wpcf7-form-control wpcf7-tel wpcf7-validates-as-required wpcf7-text wpcf7-validates-as-tel\" id=\"numero-telefono\" aria-required=\"true\" aria-invalid=\"false\" placeholder=\"Veuillez entrer votre num\u00e9ro de t\u00e9l\u00e9phone\" value=\"\" type=\"tel\" name=\"numero-telefono\" \/><\/span>\n\t\t\t<\/p>\n\t\t<\/div>\n\t<\/div>\n\t<h2 class=\"padded-top title-heading-left fusion-responsive-typography-calculated\" style=\"padding-bottom:1.25em;font-family:var(--awb-typography1-font-family);font-weight:var(--awb-typography1-font-weight);font-style:var(--awb-typography1-font-style);margin:0;font-size:1.313em;letter-spacing:var(--awb-typography1-letter-spacing);color:var(--awb-custom_color_2);--fontSize:21;line-height:var(--awb-typography1-line-height);\"><i class=\"em em-two\" aria-role=\"presentation\" aria-label=\"KEYCAP 2\"><\/i> Entrez les d\u00e9tails de votre entreprise\n\t<\/h2>\n\t<p>Indiquez le nom de votre entreprise et le nombre d'employ\u00e9s :\n\t<\/p>\n\t<div class=\"fusion-columns fusion-clearfix\">\n\t\t<div class=\"col-lg-6 col-md-6 col-sm-12\">\n\t\t\t<p>Entreprise *<br \/>\n<span class=\"wpcf7-form-control-wrap\" data-name=\"azienda\"><input size=\"40\" maxlength=\"400\" class=\"wpcf7-form-control wpcf7-text wpcf7-validates-as-required\" aria-required=\"true\" aria-invalid=\"false\" placeholder=\"Veuillez entrer le nom de votre entreprise\" value=\"\" type=\"text\" name=\"azienda\" \/><\/span>\n\t\t\t<\/p>\n\t\t<\/div>\n\t\t<div class=\"col-lg-3 col-md-6 col-sm-12\">\n\t\t\t<p>Employ\u00e9s *<br \/>\n<span class=\"wpcf7-form-control-wrap\" data-name=\"numero-didipendenti\"><select class=\"wpcf7-form-control wpcf7-select wpcf7-validates-as-required\" id=\"numero-didipendenti\" aria-required=\"true\" aria-invalid=\"false\" name=\"numero-didipendenti\"><option value=\"\">&#8212;Veuillez choisir une option&#8212;<\/option><option value=\"Moins de 100\">Moins de 100<\/option><option value=\"101-250\">101-250<\/option><option value=\"251-500\">251-500<\/option><option value=\"+500\">+500<\/option><\/select><\/span>\n\t\t\t<\/p>\n\t\t<\/div>\n\t<\/div>\n\t<h2 class=\"padded-top title-heading-left fusion-responsive-typography-calculated\" style=\"padding-bottom:1.25em;font-family:var(--awb-typography1-font-family);font-weight:var(--awb-typography1-font-weight);font-style:var(--awb-typography1-font-style);margin:0;font-size:1.313em;letter-spacing:var(--awb-typography1-letter-spacing);color:var(--awb-custom_color_2);--fontSize:21;line-height:var(--awb-typography1-line-height);\"><i class=\"em em-three\" aria-role=\"presentation\" aria-label=\"KEYCAP 3\"><\/i> Indiquez quand vous pr\u00e9f\u00e9rez \u00eatre contact\u00e9\n\t<\/h2>\n\t<p>Indiquez le jour et l'heure auxquels notre consultant peut vous contacter :\n\t<\/p>\n\t<div class=\"fusion-columns fusion-clearfix\">\n\t\t<div class=\"col-lg-4 col-md-4 col-sm-12\">\n\t\t\t<p>Jour *<br \/>\n<span class=\"wpcf7-form-control-wrap\" data-name=\"book-date\"><input size=\"40\" maxlength=\"400\" class=\"wpcf7-form-control wpcf7-text wpcf7-validates-as-required walcf7-datepicker\" aria-required=\"true\" aria-invalid=\"false\" placeholder=\"Jour\" value=\"\" type=\"text\" name=\"book-date\" \/><\/span>\n\t\t\t<\/p>\n\t\t<\/div>\n\t\t<div class=\"col-lg-2 col-md-2 col-sm-12\">\n\t\t\t<p>Heure *<br \/>\n<span class=\"wpcf7-form-control-wrap\" data-name=\"book-time\"><input size=\"40\" maxlength=\"400\" class=\"wpcf7-form-control wpcf7-text wpcf7-validates-as-required walcf7-timepicker\" aria-required=\"true\" aria-invalid=\"false\" placeholder=\"Heure\" value=\"\" type=\"text\" name=\"book-time\" \/><\/span>\n\t\t\t<\/p>\n\t\t<\/div>\n\t<\/div>\n\t<h2 class=\"padded-top title-heading-left fusion-responsive-typography-calculated\" style=\"padding-bottom:1.25em;font-family:var(--awb-typography1-font-family);font-weight:var(--awb-typography1-font-weight);font-style:var(--awb-typography1-font-style);margin:0;font-size:1.313em;letter-spacing:var(--awb-typography1-letter-spacing);color:var(--awb-custom_color_2);--fontSize:21;line-height:var(--awb-typography1-line-height);\"><i class=\"em em-four\" aria-role=\"presentation\" aria-label=\"KEYCAP 4\"><\/i> Compl\u00e9tez votre demande\n\t<\/h2>\n\t<p>Quel usage principal comptez-vous faire de Job&Joy ?\n\t<\/p>\n\t<div class=\"fusion-columns fusion-clearfix\">\n\t\t<div class=\"col-lg-12 col-md-12col-sm-12\">\n\t\t\t<p><span class=\"wpcf7-form-control-wrap\" data-name=\"scopo-utilizzo\"><span class=\"wpcf7-form-control wpcf7-radio\" id=\"scopo-utilizzo\"><span class=\"wpcf7-list-item first\"><label><span class=\"wpcf7-list-item-label\">Welfare<\/span><input type=\"radio\" name=\"scopo-utilizzo\" value=\"Welfare\" checked=\"checked\" \/><\/label><\/span><span class=\"wpcf7-list-item\"><label><span class=\"wpcf7-list-item-label\">Incentive<\/span><input type=\"radio\" name=\"scopo-utilizzo\" value=\"Incentive\" \/><\/label><\/span><span class=\"wpcf7-list-item last\"><label><span class=\"wpcf7-list-item-label\">Les deux<\/span><input type=\"radio\" name=\"scopo-utilizzo\" value=\"Les deux\" \/><\/label><\/span><\/span><\/span>\n\t\t\t<\/p>\n\t\t<\/div>\n\t<\/div>\n\t<div class=\"fusion-columns fusion-clearfix\">\n\t\t<div class=\"col-lg-12 col-md-12col-sm-12\">\n\t\t\t<p>Avez-vous des besoins particuliers ? \u00c9crivez-le ici :\n\t\t\t<\/p>\n\t\t\t<p><span class=\"wpcf7-form-control-wrap\" data-name=\"messaggio\"><textarea cols=\"40\" rows=\"10\" maxlength=\"2000\" class=\"wpcf7-form-control wpcf7-textarea\" aria-invalid=\"false\" name=\"messaggio\"><\/textarea><\/span>\n\t\t\t<\/p>\n\t\t<\/div>\n\t<\/div>\n\t<div class=\"fusion-columns fusion-clearfix\">\n\t\t<div class=\"col-lg-12 col-md-12col-sm-12\">\n\t\t\t<p class=\"checkbox-privacy\"><br \/>\n<span class=\"wpcf7-form-control-wrap\" data-name=\"acceptance-privacy\"><span class=\"wpcf7-form-control wpcf7-acceptance\"><span class=\"wpcf7-list-item\"><label><input type=\"checkbox\" name=\"acceptance-privacy\" value=\"1\" aria-invalid=\"false\" \/><span class=\"wpcf7-list-item-label\">J'ai lu et j'accepte les conditions de la <a href=\"https:\/\/amilon.eu\/fr\/privacy-policy\/\" target=\"_blank\" rel=\"nofollow noopener\"><u>politique de confidentialit\u00e9<\/u><\/a><\/span><\/label><\/span><\/span><\/span>\n\t\t\t<\/p>\n\t\t\t<p><input class=\"wpcf7-form-control wpcf7-submit has-spinner\" type=\"submit\" value=\"envoyer\" \/>\n\t\t\t<\/p>\n\t\t<\/div>\n\t<\/div>\n<\/div><div class=\"fusion-alert alert custom alert-custom fusion-alert-center wpcf7-response-output awb-alert-native-link-color alert-dismissable awb-alert-close-boxed\" style=\"--awb-border-size:1px;--awb-border-top-left-radius:0px;--awb-border-top-right-radius:0px;--awb-border-bottom-left-radius:0px;--awb-border-bottom-right-radius:0px;\" role=\"alert\"><div class=\"fusion-alert-content-wrapper\"><span class=\"fusion-alert-content\"><\/span><\/div><button type=\"button\" class=\"close toggle-alert\" data-dismiss=\"alert\" aria-label=\"Close\">&times;<\/button><\/div>\n<\/form>\n<\/div>\n<div style=\"text-align:left;\"><a class=\"fusion-button button-flat fusion-button-default-size button-custom fusion-button-default button-1 fusion-button-default-span fusion-button-default-type hidden-element fusion-button button-flat fusion-button-default-size button-custom button-1 fusion-button-default-span fusion-button-default-type\" style=\"--button_accent_color:var(--awb-color1);--button_accent_hover_color:var(--awb-color1);--button_border_hover_color:var(--awb-color1);--button_gradient_top_color:var(--awb-custom_color_2);--button_gradient_bottom_color:var(--awb-custom_color_2);--button_gradient_top_color_hover:var(--awb-custom_color_4);--button_gradient_bottom_color_hover:var(--awb-custom_color_4);--button_font_size:0.875em;--button_line_height:var(--awb-typography4-line-height);--button_typography-letter-spacing:var(--awb-typography4-letter-spacing);--button_typography-font-family:&quot;Montserrat&quot;;--button_typography-font-style:normal;--button_typography-font-weight:500;--button_margin-top:0px;--button_margin-bottom:1.875em;\" target=\"_self\" href=\"#1\" id=\"booking-resend\"><span class=\"fusion-button-text awb-button__text awb-button__text--default\">Demander un nouveau rendez-vous<\/span><\/a><\/div><div class=\"fusion-text fusion-text-2\"><p><!-- &#091;bookly-form&#093; --><\/p>\n<\/div><script>\n\n\tdocument.getElementById(\"booking-resend\").addEventListener(\"click\", function reload(){\n\t  reload=location.reload();\n\t  return false;\n\t});\n\n\n\tdocument.addEventListener( 'wpcf7mailsent', function( event ) {\n\n\t\tdocument.getElementById(\"richiedi-preventivo-inner-form\").style.display = \"none\";\n\t\tdocument.getElementById(\"intro-text-form\").style.display = \"none\";\n\t\tdocument.getElementById(\"booking-resend\").style.display = \"block\";\n\t\tdocument.getElementById(\"booking-resend\").classList.remove(\"hidden-element\");\n\n\n\t\twindow.scroll({top: 0, left: 0, behavior: 'smooth'});\n\n\t\t\tgtag('event', 'invio', {\n\t\t\t'event_category' : 'form',\n\t\t\t'event_label' : 'jobandjoy.eu - form preventivo FR'\n\t\t\t});\n\n\t}, false );\n\n\t\nfunction randomNumber(min, max) { \n    min = Math.ceil(min);\n    max = Math.floor(max);\n    return Math.floor(Math.random() * (max - min + 1)) + min;\n}\n\n\n\nvar myTimeout = setTimeout(function(){\ndocument.getElementById('booking-id').value = randomNumber(1, 10000000);\n}, 5000);\n\n\n\n\n<\/script><\/div><\/div><\/div><\/div>\n","protected":false},"excerpt":{"rendered":"","protected":false},"author":1,"featured_media":0,"parent":0,"menu_order":0,"comment_status":"closed","ping_status":"closed","template":"","meta":{"inline_featured_image":false,"footnotes":""},"class_list":["post-4061","page","type-page","status-publish","hentry"],"_links":{"self":[{"href":"https:\/\/staging.jobandjoy.eu\/fr\/wp-json\/wp\/v2\/pages\/4061","targetHints":{"allow":["GET"]}}],"collection":[{"href":"https:\/\/staging.jobandjoy.eu\/fr\/wp-json\/wp\/v2\/pages"}],"about":[{"href":"https:\/\/staging.jobandjoy.eu\/fr\/wp-json\/wp\/v2\/types\/page"}],"author":[{"embeddable":true,"href":"https:\/\/staging.jobandjoy.eu\/fr\/wp-json\/wp\/v2\/users\/1"}],"replies":[{"embeddable":true,"href":"https:\/\/staging.jobandjoy.eu\/fr\/wp-json\/wp\/v2\/comments?post=4061"}],"version-history":[{"count":6,"href":"https:\/\/staging.jobandjoy.eu\/fr\/wp-json\/wp\/v2\/pages\/4061\/revisions"}],"predecessor-version":[{"id":4133,"href":"https:\/\/staging.jobandjoy.eu\/fr\/wp-json\/wp\/v2\/pages\/4061\/revisions\/4133"}],"wp:attachment":[{"href":"https:\/\/staging.jobandjoy.eu\/fr\/wp-json\/wp\/v2\/media?parent=4061"}],"curies":[{"name":"wp","href":"https:\/\/api.w.org\/{rel}","templated":true}]}}