{"id":4317,"date":"2022-07-05T15:47:32","date_gmt":"2022-07-05T15:47:32","guid":{"rendered":"https:\/\/www.jobandjoy.eu\/?page_id=4317"},"modified":"2022-08-31T12:25:25","modified_gmt":"2022-08-31T12:25:25","slug":"was-sie-ueber-uns-sagen","status":"publish","type":"page","link":"https:\/\/staging.jobandjoy.eu\/de\/was-sie-ueber-uns-sagen\/","title":{"rendered":"Was sie \u00fcber uns sagen"},"content":{"rendered":"<p><div class=\"fusion-fullwidth fullwidth-box fusion-builder-row-1 fusion-flex-container nonhundred-percent-fullwidth non-hundred-percent-height-scrolling\" style=\"--awb-background-position:left center;--awb-border-radius-top-left:0px;--awb-border-radius-top-right:0px;--awb-border-radius-bottom-right:0px;--awb-border-radius-bottom-left:0px;--awb-padding-top:4.063em;--awb-padding-bottom:0px;--awb-margin-top:0px;--awb-margin-bottom:0px;--awb-background-color:var(--awb-custom_color_2);--awb-background-image:radial-gradient(circle at center center, var(--awb-custom_color_5) 85%,rgba(255,255,255,0) 0%);--awb-flex-wrap:wrap;\" ><div class=\"fusion-builder-row fusion-row fusion-flex-align-items-center fusion-flex-content-wrap\" style=\"max-width:1248px;margin-left: calc(-4% \/ 2 );margin-right: calc(-4% \/ 2 );\"><div class=\"fusion-layout-column fusion_builder_column fusion-builder-column-0 fusion_builder_column_1_4 1_4 fusion-flex-column fusion-flex-align-self-center fusion-no-small-visibility\" style=\"--awb-padding-top:0px;--awb-padding-bottom:0px;--awb-bg-size:cover;--awb-width-large:25%;--awb-margin-top-large:0px;--awb-spacing-right-large:7.68%;--awb-margin-bottom-large:0px;--awb-spacing-left-large:7.68%;--awb-width-medium:25%;--awb-order-medium:0;--awb-spacing-right-medium:7.68%;--awb-spacing-left-medium:7.68%;--awb-width-small:100%;--awb-order-small:0;--awb-spacing-right-small:1.92%;--awb-spacing-left-small:1.92%;\"><div class=\"fusion-column-wrapper fusion-column-has-shadow fusion-flex-justify-content-center fusion-content-layout-column\"><div class=\"fusion-image-element \" style=\"--awb-caption-title-font-family:var(--h2_typography-font-family);--awb-caption-title-font-weight:var(--h2_typography-font-weight);--awb-caption-title-font-style:var(--h2_typography-font-style);--awb-caption-title-size:var(--h2_typography-font-size);--awb-caption-title-transform:var(--h2_typography-text-transform);--awb-caption-title-line-height:var(--h2_typography-line-height);--awb-caption-title-letter-spacing:var(--h2_typography-letter-spacing);\"><span class=\" fusion-imageframe imageframe-none imageframe-1 hover-type-none\"><img decoding=\"async\" width=\"318\" height=\"339\" alt=\"Sie haben sich bereits f\u00fcr Job&amp;Joy entschieden: Finden Sie heraus, was sie \u00fcber uns sagen\" src=\"https:\/\/staging.jobandjoy.eu\/wp-content\/uploads\/2022\/04\/jobandjoy-pictogram-logo-color.png\" data-orig-src=\"https:\/\/www.jobandjoy.it\/wp-content\/uploads\/2022\/04\/jobandjoy-pictogram-logo-color.png\" class=\"lazyload img-responsive wp-image-4243\" srcset=\"data:image\/svg+xml,%3Csvg%20xmlns%3D%27http%3A%2F%2Fwww.w3.org%2F2000%2Fsvg%27%20width%3D%27318%27%20height%3D%27339%27%20viewBox%3D%270%200%20318%20339%27%3E%3Crect%20width%3D%27318%27%20height%3D%27339%27%20fill-opacity%3D%220%22%2F%3E%3C%2Fsvg%3E\" data-srcset=\"https:\/\/staging.jobandjoy.eu\/wp-content\/uploads\/2022\/04\/jobandjoy-pictogram-logo-color-200x213.png 200w, https:\/\/staging.jobandjoy.eu\/wp-content\/uploads\/2022\/04\/jobandjoy-pictogram-logo-color.png 318w\" data-sizes=\"auto\" data-orig-sizes=\"(max-width: 640px) 100vw, 318px\" \/><\/span><\/div><\/div><\/div><div class=\"fusion-layout-column fusion_builder_column fusion-builder-column-1 fusion_builder_column_3_5 3_5 fusion-flex-column fusion-flex-align-self-center\" style=\"--awb-padding-top:0px;--awb-padding-bottom:0px;--awb-bg-size:cover;--awb-width-large:60%;--awb-margin-top-large:0px;--awb-spacing-right-large:3.2%;--awb-margin-bottom-large:0px;--awb-spacing-left-large:3.2%;--awb-width-medium:60%;--awb-order-medium:0;--awb-spacing-right-medium:3.2%;--awb-spacing-left-medium:3.2%;--awb-width-small:100%;--awb-order-small:0;--awb-spacing-right-small:1.92%;--awb-spacing-left-small:1.92%;\"><div class=\"fusion-column-wrapper fusion-column-has-shadow fusion-flex-justify-content-center fusion-content-layout-column\"><div class=\"fusion-title title fusion-title-1 fusion-sep-none fusion-title-text fusion-title-size-one\" style=\"--awb-text-color:var(--awb-color1);--awb-font-size:2em;\"><h1 class=\"fusion-title-heading title-heading-left fusion-responsive-typography-calculated\" style=\"font-family:var(--awb-typography1-font-family);font-weight:var(--awb-typography1-font-weight);font-style:var(--awb-typography1-font-style);margin:0;letter-spacing:var(--awb-typography1-letter-spacing);text-transform:uppercase;font-size:1em;--fontSize:32;line-height:var(--awb-typography1-line-height);\">Was sie \u00fcber uns sagen<\/h1><\/div><div class=\"fusion-title title fusion-title-2 fusion-sep-none fusion-title-text fusion-title-size-div\" style=\"--awb-text-color:var(--awb-color1);--awb-font-size:1.250em;\"><div class=\"fusion-title-heading title-heading-left title-heading-tag fusion-responsive-typography-calculated\" style=\"font-family:var(--awb-typography1-font-family);font-weight:var(--awb-typography1-font-weight);font-style:var(--awb-typography1-font-style);margin:0;letter-spacing:var(--awb-typography1-letter-spacing);font-size:1em;--fontSize:20;--minFontSize:20;line-height:var(--awb-typography1-line-height);\">Wenn Sie jetzt denken: &#8220;Was f\u00fcr eine Revolution!&#8221;, dann haben Sie recht, genau das ist es auch.<\/p>\n<p style=\"margin-bottom: 0;\">Das dachten sich auch die Unternehmen, die sich seit Jahren auf Job&amp;Joy verlassen haben:<\/p><\/div><\/div><\/div><\/div><div class=\"fusion-layout-column fusion_builder_column fusion-builder-column-2 fusion_builder_column_1_1 1_1 fusion-flex-column\" style=\"--awb-padding-bottom:0px;--awb-bg-size:cover;--awb-width-large:100%;--awb-margin-top-large:4.063em;--awb-spacing-right-large:1.92%;--awb-margin-bottom-large:0px;--awb-spacing-left-large:1.92%;--awb-width-medium:100%;--awb-order-medium:0;--awb-spacing-right-medium:1.92%;--awb-spacing-left-medium:1.92%;--awb-width-small:100%;--awb-order-small:0;--awb-spacing-right-small:1.92%;--awb-spacing-left-small:1.92%;\"><div class=\"fusion-column-wrapper fusion-column-has-shadow fusion-flex-justify-content-flex-start fusion-content-layout-column\"><div class=\"fusion-text fusion-text-1 brand-strips center\"><p>Brand strip<\/p>\n<\/div><\/div><\/div><\/div><\/div><div class=\"fusion-fullwidth fullwidth-box fusion-builder-row-2 fusion-flex-container nonhundred-percent-fullwidth non-hundred-percent-height-scrolling\" style=\"--awb-border-radius-top-left:0px;--awb-border-radius-top-right:0px;--awb-border-radius-bottom-right:0px;--awb-border-radius-bottom-left:0px;--awb-padding-top:3.750em;--awb-padding-bottom:3.750em;--awb-margin-top:0px;--awb-margin-bottom:0px;--awb-background-color:var(--awb-custom_color_6);--awb-flex-wrap:wrap;\" ><div class=\"fusion-builder-row fusion-row fusion-flex-align-items-flex-start fusion-flex-content-wrap\" style=\"max-width:1248px;margin-left: calc(-4% \/ 2 );margin-right: calc(-4% \/ 2 );\"><div class=\"fusion-layout-column fusion_builder_column fusion-builder-column-3 fusion_builder_column_1_1 1_1 fusion-flex-column\" style=\"--awb-bg-size:cover;--awb-width-large:100%;--awb-margin-top-large:0px;--awb-spacing-right-large:1.92%;--awb-margin-bottom-large:20px;--awb-spacing-left-large:1.92%;--awb-width-medium:100%;--awb-order-medium:0;--awb-spacing-right-medium:1.92%;--awb-spacing-left-medium:1.92%;--awb-width-small:100%;--awb-order-small:0;--awb-spacing-right-small:1.92%;--awb-spacing-left-small:1.92%;\"><div class=\"fusion-column-wrapper fusion-column-has-shadow fusion-flex-justify-content-flex-start fusion-content-layout-column\"><div class=\"fusion-testimonials clean awb-speech-bubble-show fusion-testimonials-1\" style=\"--awb-textcolor:var(--awb-custom_color_1);--awb-backgroundcolor:var(--awb-custom_color_6);--awb-testimonial-border-style:solid;--awb-testimonial-border-color:var(--awb-color3);--awb-border-top-left-radius:0px;--awb-border-top-right-radius:0px;--awb-border-bottom-left-radius:0px;--awb-border-bottom-right-radius:0px;--testimonial-border-width-top:0px;--testimonial-border-width-right:0px;--testimonial-border-width-bottom:0px;--testimonial-border-width-left:0px;\" data-random=\"0\" data-speed=\"20000\"><div class=\"reviews\"><div class=\"review active-testimonial avatar-above avatar-image\"><div class=\"testimonial-thumbnail\"><img decoding=\"async\" class=\"testimonial-image lazyload\" src=\"data:image\/svg+xml,%3Csvg%20xmlns%3D%27http%3A%2F%2Fwww.w3.org%2F2000%2Fsvg%27%20width%3D%27300%27%20height%3D%27119%27%20viewBox%3D%270%200%20300%20119%27%3E%3Crect%20width%3D%27300%27%20height%3D%27119%27%20fill-opacity%3D%220%22%2F%3E%3C%2Fsvg%3E\" width=\"300\" height=\"119\" style=\"--awb-border-radius:5px;\" data-orig-src=\"https:\/\/www.jobandjoy.it\/wp-content\/uploads\/2022\/07\/willis-towers-watson.png\" \/><\/div><blockquote class=\"testimonials-shortcode-blockquote\"><div class=\"awb-quote\"><div class=\"awb-quote-content\">\n<p><strong>Wof\u00fcr nutzen Sie Job&amp;Joy in Ihrem Unternehmen?<\/strong><\/p>\n<p>F\u00fcr die Integration von flexiblen Sozialleistungen und die Bereitstellung von Geschenkkarten in Echtzeit auf den von uns verwalteten Welfare-Plattformen<\/p>\n<p><strong>Wie lange nutzen Sie Job&amp;Joy bereits?<\/strong><\/p>\n<p>Seit 2017<\/p>\n<p><strong>Was sind Ihrer Meinung nach die Vorteile von Job&amp;Joy?<\/strong><\/p>\n<p>Erstens die sofortige Verf\u00fcgbarkeit der Geschenkkarten: Die Mitarbeiter kaufen sie bei J&amp;J und erhalten gleichzeitig den Gutschein. Weitere Vorteile sind: die M\u00f6glichkeit, das Angebot f\u00fcr jedes einzelne Kundenunternehmen individuell zu gestalten und so auf Sonderw\u00fcnsche und Ausnahmen einzugehen, sowie die Autonomie bei der Verwaltung der einzelnen Kampagnen.<\/p>\n<\/div><\/div><\/blockquote><div class=\"author\"><span class=\"company-name\"><\/span><\/div><\/div><div class=\"review avatar-above avatar-image\"><div class=\"testimonial-thumbnail\"><img decoding=\"async\" class=\"testimonial-image lazyload\" src=\"data:image\/svg+xml,%3Csvg%20xmlns%3D%27http%3A%2F%2Fwww.w3.org%2F2000%2Fsvg%27%20width%3D%27300%27%20height%3D%27119%27%20viewBox%3D%270%200%20300%20119%27%3E%3Crect%20width%3D%27300%27%20height%3D%27119%27%20fill-opacity%3D%220%22%2F%3E%3C%2Fsvg%3E\" width=\"300\" height=\"119\" style=\"--awb-border-radius:5px;\" data-orig-src=\"https:\/\/www.jobandjoy.it\/wp-content\/uploads\/2022\/07\/Bolton-Manitoba.png\" \/><\/div><blockquote class=\"testimonials-shortcode-blockquote\"><div class=\"awb-quote\"><div class=\"awb-quote-content\">\n<p><strong>Wof\u00fcr nutzen Sie Job&amp;Joy in Ihrem Unternehmen?<\/strong><\/p>\n<p>Kunden-Incentive-Pl\u00e4ne<\/p>\n<p><strong>Wie lange nutzen Sie Job&amp;Joy bereits?<\/strong><\/p>\n<p>Seit 2019<\/p>\n<p><strong>Was sind Ihrer Meinung nach die Vorteile von Job&amp;Joy?<\/strong><\/p>\n<p>Es erm\u00f6glicht uns, Handelsanreize auf eine rationale Art und Weise zu verwalten, w\u00e4hrend wir unseren Kunden gleichzeitig eine gro\u00dfe Auswahl bieten. Was die Beschaffungsabteilung betrifft, so wird der Kauf von Pr\u00e4mien dadurch erleichtert, dass wir einen einzigen Lieferanten (Amilon) haben und nicht die einzelnen Ansprechpartner der einzelnen Marken.<\/p>\n<\/div><\/div><\/blockquote><div class=\"author\"><span class=\"company-name\"><\/span><\/div><\/div><div class=\"review avatar-above avatar-image\"><div class=\"testimonial-thumbnail\"><img decoding=\"async\" class=\"testimonial-image lazyload\" src=\"data:image\/svg+xml,%3Csvg%20xmlns%3D%27http%3A%2F%2Fwww.w3.org%2F2000%2Fsvg%27%20width%3D%27300%27%20height%3D%27119%27%20viewBox%3D%270%200%20300%20119%27%3E%3Crect%20width%3D%27300%27%20height%3D%27119%27%20fill-opacity%3D%220%22%2F%3E%3C%2Fsvg%3E\" width=\"300\" height=\"119\" style=\"--awb-border-radius:5px;\" data-orig-src=\"https:\/\/www.jobandjoy.it\/wp-content\/uploads\/2022\/07\/reale-mutua.png\" \/><\/div><blockquote class=\"testimonials-shortcode-blockquote\"><div class=\"awb-quote\"><div class=\"awb-quote-content\">\n<p><strong>Wof\u00fcr nutzen Sie Job&amp;Joy in Ihrem Unternehmen?<\/strong><\/p>\n<p>Incentivierung des Vertriebsnetzes durch Preisausschreibungen<\/p>\n<p><strong>Wie lange nutzen Sie Job&amp;Joy schon?<\/strong><\/p>\n<p>Seit 2017<\/p>\n<p><strong>Was sind Ihrer Meinung nach die Vorteile von Job&amp;Joy?<\/strong><\/p>\n<p>Dynamik und Modulation von Service und Pr\u00e4mien<\/p>\n<\/div><\/div><\/blockquote><div class=\"author\"><span class=\"company-name\"><\/span><\/div><\/div><\/div><div class=\"testimonial-pagination\" id=\"fusion-testimonials-1\"><a href=\"#\" aria-label=\"Testimonial Pagination\"  class=\"activeSlide\"><\/a><a href=\"#\" aria-label=\"Testimonial Pagination\" ><\/a><a href=\"#\" aria-label=\"Testimonial Pagination\" ><\/a><\/div><\/div><\/div><\/div><\/div><\/div><div class=\"fusion-fullwidth fullwidth-box fusion-builder-row-3 fusion-flex-container fusion-parallax-none nonhundred-percent-fullwidth non-hundred-percent-height-scrolling lazyload\" style=\"--awb-background-position:left center;--awb-border-radius-top-left:0px;--awb-border-radius-top-right:0px;--awb-border-radius-bottom-right:0px;--awb-border-radius-bottom-left:0px;--awb-padding-top:0px;--awb-padding-bottom:2.875em;--awb-margin-top:0px;--awb-margin-bottom:0px;--awb-background-color:var(--awb-custom_color_7);--awb-background-size:cover;--awb-flex-wrap:wrap;\" data-bg=\"https:\/\/www.jobandjoy.it\/wp-content\/uploads\/2022\/06\/arrow-bg-blue-huge.png\" id=\"arrow-bg-blue-huge\" ><div class=\"fusion-builder-row fusion-row fusion-flex-align-items-flex-start fusion-flex-content-wrap\" style=\"max-width:1248px;margin-left: calc(-4% \/ 2 );margin-right: calc(-4% \/ 2 );\"><div class=\"fusion-layout-column fusion_builder_column fusion-builder-column-4 fusion_builder_column_1_1 1_1 fusion-flex-column fusion-animated\" style=\"--awb-bg-size:cover;--awb-width-large:100%;--awb-margin-top-large:0px;--awb-spacing-right-large:1.92%;--awb-margin-bottom-large:20px;--awb-spacing-left-large:1.92%;--awb-width-medium:100%;--awb-order-medium:0;--awb-spacing-right-medium:1.92%;--awb-spacing-left-medium:1.92%;--awb-width-small:100%;--awb-order-small:0;--awb-spacing-right-small:1.92%;--awb-spacing-left-small:1.92%;\" data-animationType=\"fadeInUp\" data-animationDuration=\"1.1\" data-animationOffset=\"top-into-view\"><div class=\"fusion-column-wrapper fusion-column-has-shadow fusion-flex-justify-content-flex-start fusion-content-layout-column\"><div class=\"fusion-separator fusion-no-medium-visibility fusion-no-large-visibility fusion-full-width-sep\" style=\"align-self: center;margin-left: auto;margin-right: auto;margin-bottom:5.000em;width:100%;\"><\/div><div class=\"fusion-title title fusion-title-3 fusion-sep-none fusion-title-center fusion-title-text fusion-title-size-two\" style=\"--awb-text-color:var(--awb-color1);--awb-margin-top:1.875em;--awb-margin-bottom:1.875em;--awb-font-size:2.000em;\"><h2 class=\"fusion-title-heading title-heading-center fusion-responsive-typography-calculated\" style=\"font-family:&quot;Montserrat&quot;;font-style:normal;font-weight:700;margin:0;letter-spacing:var(--awb-typography1-letter-spacing);font-size:1em;--fontSize:32;line-height:var(--awb-typography1-line-height);\">Sie haben sich bereits f\u00fcr Job&amp;Joy entschieden<\/h2><\/div><div class=\"fusion-separator fusion-no-medium-visibility fusion-no-large-visibility fusion-full-width-sep\" style=\"align-self: center;margin-left: auto;margin-right: auto;margin-bottom:5.000em;width:100%;\"><\/div><div class=\"fusion-text fusion-text-2 fusion-text-no-margin\" style=\"--awb-font-size:1.5em;--awb-text-color:var(--awb-color1);--awb-margin-bottom:1.875em;\"><p style=\"text-align: center;\">Dies sind nur einige Unternehmen, die sich f\u00fcr Job&amp;Joy entschieden haben,<br \/>\num Anreize und Vorteile zu bieten:<\/p>\n<\/div><div class=\"awb-gallery-wrapper awb-gallery-wrapper-1 button-span-no\" data-limit=\"10\" data-page=\"1\"><div style=\"margin:-7px;--awb-bordersize:0px;--awb-border-radius:8px;\" class=\"fusion-gallery fusion-gallery-container fusion-grid-5 fusion-columns-total-5 fusion-gallery-layout-grid fusion-gallery-1\"><div style=\"padding:7.5px;\" class=\"fusion-grid-column fusion-gallery-column fusion-gallery-column-5 hover-type-zoomout\"><div class=\"fusion-gallery-image\"><a href=\"https:\/\/staging.jobandjoy.eu\/wp-content\/uploads\/2022\/07\/Bolton-Manitoba.png\" rel=\"noreferrer\" data-rel=\"iLightbox[gallery_image_1]\" class=\"fusion-lightbox\" target=\"_self\"><img decoding=\"async\" src=\"https:\/\/staging.jobandjoy.eu\/wp-content\/uploads\/2022\/07\/Bolton-Manitoba.png\" data-orig-src=\"https:\/\/staging.jobandjoy.eu\/wp-content\/uploads\/2022\/07\/Bolton-Manitoba.png\" width=\"300\" height=\"119\" alt=\"\" title=\"\" aria-label=\"\" class=\"lazyload img-responsive wp-image-2839\" srcset=\"data:image\/svg+xml,%3Csvg%20xmlns%3D%27http%3A%2F%2Fwww.w3.org%2F2000%2Fsvg%27%20width%3D%27300%27%20height%3D%27119%27%20viewBox%3D%270%200%20300%20119%27%3E%3Crect%20width%3D%27300%27%20height%3D%27119%27%20fill-opacity%3D%220%22%2F%3E%3C%2Fsvg%3E\" data-srcset=\"https:\/\/staging.jobandjoy.eu\/wp-content\/uploads\/2022\/07\/Bolton-Manitoba-200x79.png 200w, https:\/\/staging.jobandjoy.eu\/wp-content\/uploads\/2022\/07\/Bolton-Manitoba.png 300w\" data-sizes=\"auto\" data-orig-sizes=\"(min-width: 2200px) 100vw, (min-width: 928px) 234px, (min-width: 856px) 293px, (min-width: 784px) 391px, (min-width: 712px) 586px, (min-width: 640px) 712px, \" \/><\/a><\/div><\/div><div style=\"padding:7.5px;\" class=\"fusion-grid-column fusion-gallery-column fusion-gallery-column-5 hover-type-zoomout\"><div class=\"fusion-gallery-image\"><a href=\"https:\/\/staging.jobandjoy.eu\/wp-content\/uploads\/2022\/07\/reale-mutua.png\" rel=\"noreferrer\" data-rel=\"iLightbox[gallery_image_1]\" class=\"fusion-lightbox\" target=\"_self\"><img decoding=\"async\" src=\"https:\/\/staging.jobandjoy.eu\/wp-content\/uploads\/2022\/07\/reale-mutua.png\" data-orig-src=\"https:\/\/staging.jobandjoy.eu\/wp-content\/uploads\/2022\/07\/reale-mutua.png\" width=\"300\" height=\"119\" alt=\"\" title=\"\" aria-label=\"\" class=\"lazyload img-responsive wp-image-2841\" srcset=\"data:image\/svg+xml,%3Csvg%20xmlns%3D%27http%3A%2F%2Fwww.w3.org%2F2000%2Fsvg%27%20width%3D%27300%27%20height%3D%27119%27%20viewBox%3D%270%200%20300%20119%27%3E%3Crect%20width%3D%27300%27%20height%3D%27119%27%20fill-opacity%3D%220%22%2F%3E%3C%2Fsvg%3E\" data-srcset=\"https:\/\/staging.jobandjoy.eu\/wp-content\/uploads\/2022\/07\/reale-mutua-200x79.png 200w, https:\/\/staging.jobandjoy.eu\/wp-content\/uploads\/2022\/07\/reale-mutua.png 300w\" data-sizes=\"auto\" data-orig-sizes=\"(min-width: 2200px) 100vw, (min-width: 928px) 234px, (min-width: 856px) 293px, (min-width: 784px) 391px, (min-width: 712px) 586px, (min-width: 640px) 712px, \" \/><\/a><\/div><\/div><div style=\"padding:7.5px;\" class=\"fusion-grid-column fusion-gallery-column fusion-gallery-column-5 hover-type-zoomout\"><div class=\"fusion-gallery-image\"><a href=\"https:\/\/staging.jobandjoy.eu\/wp-content\/uploads\/2022\/07\/samsung.png\" rel=\"noreferrer\" data-rel=\"iLightbox[gallery_image_1]\" class=\"fusion-lightbox\" target=\"_self\"><img decoding=\"async\" src=\"https:\/\/staging.jobandjoy.eu\/wp-content\/uploads\/2022\/07\/samsung.png\" data-orig-src=\"https:\/\/staging.jobandjoy.eu\/wp-content\/uploads\/2022\/07\/samsung.png\" width=\"300\" height=\"119\" alt=\"\" title=\"\" aria-label=\"\" class=\"lazyload img-responsive wp-image-2843\" srcset=\"data:image\/svg+xml,%3Csvg%20xmlns%3D%27http%3A%2F%2Fwww.w3.org%2F2000%2Fsvg%27%20width%3D%27300%27%20height%3D%27119%27%20viewBox%3D%270%200%20300%20119%27%3E%3Crect%20width%3D%27300%27%20height%3D%27119%27%20fill-opacity%3D%220%22%2F%3E%3C%2Fsvg%3E\" data-srcset=\"https:\/\/staging.jobandjoy.eu\/wp-content\/uploads\/2022\/07\/samsung-200x79.png 200w, https:\/\/staging.jobandjoy.eu\/wp-content\/uploads\/2022\/07\/samsung.png 300w\" data-sizes=\"auto\" data-orig-sizes=\"(min-width: 2200px) 100vw, (min-width: 928px) 234px, (min-width: 856px) 293px, (min-width: 784px) 391px, (min-width: 712px) 586px, (min-width: 640px) 712px, \" \/><\/a><\/div><\/div><div style=\"padding:7.5px;\" class=\"fusion-grid-column fusion-gallery-column fusion-gallery-column-5 hover-type-zoomout\"><div class=\"fusion-gallery-image\"><a href=\"https:\/\/staging.jobandjoy.eu\/wp-content\/uploads\/2022\/07\/Trony.png\" rel=\"noreferrer\" data-rel=\"iLightbox[gallery_image_1]\" class=\"fusion-lightbox\" target=\"_self\"><img decoding=\"async\" src=\"https:\/\/staging.jobandjoy.eu\/wp-content\/uploads\/2022\/07\/Trony.png\" data-orig-src=\"https:\/\/staging.jobandjoy.eu\/wp-content\/uploads\/2022\/07\/Trony.png\" width=\"300\" height=\"119\" alt=\"\" title=\"\" aria-label=\"\" class=\"lazyload img-responsive wp-image-2845\" srcset=\"data:image\/svg+xml,%3Csvg%20xmlns%3D%27http%3A%2F%2Fwww.w3.org%2F2000%2Fsvg%27%20width%3D%27300%27%20height%3D%27119%27%20viewBox%3D%270%200%20300%20119%27%3E%3Crect%20width%3D%27300%27%20height%3D%27119%27%20fill-opacity%3D%220%22%2F%3E%3C%2Fsvg%3E\" data-srcset=\"https:\/\/staging.jobandjoy.eu\/wp-content\/uploads\/2022\/07\/Trony-200x79.png 200w, https:\/\/staging.jobandjoy.eu\/wp-content\/uploads\/2022\/07\/Trony.png 300w\" data-sizes=\"auto\" data-orig-sizes=\"(min-width: 2200px) 100vw, (min-width: 928px) 234px, (min-width: 856px) 293px, (min-width: 784px) 391px, (min-width: 712px) 586px, (min-width: 640px) 712px, \" \/><\/a><\/div><\/div><div style=\"padding:7.5px;\" class=\"fusion-grid-column fusion-gallery-column fusion-gallery-column-5 hover-type-zoomout\"><div class=\"fusion-gallery-image\"><a href=\"https:\/\/staging.jobandjoy.eu\/wp-content\/uploads\/2022\/07\/willis-towers-watson.png\" rel=\"noreferrer\" data-rel=\"iLightbox[gallery_image_1]\" class=\"fusion-lightbox\" target=\"_self\"><img decoding=\"async\" src=\"https:\/\/staging.jobandjoy.eu\/wp-content\/uploads\/2022\/07\/willis-towers-watson.png\" data-orig-src=\"https:\/\/staging.jobandjoy.eu\/wp-content\/uploads\/2022\/07\/willis-towers-watson.png\" width=\"300\" height=\"119\" alt=\"\" title=\"\" aria-label=\"\" class=\"lazyload img-responsive wp-image-2847\" srcset=\"data:image\/svg+xml,%3Csvg%20xmlns%3D%27http%3A%2F%2Fwww.w3.org%2F2000%2Fsvg%27%20width%3D%27300%27%20height%3D%27119%27%20viewBox%3D%270%200%20300%20119%27%3E%3Crect%20width%3D%27300%27%20height%3D%27119%27%20fill-opacity%3D%220%22%2F%3E%3C%2Fsvg%3E\" data-srcset=\"https:\/\/staging.jobandjoy.eu\/wp-content\/uploads\/2022\/07\/willis-towers-watson-200x79.png 200w, https:\/\/staging.jobandjoy.eu\/wp-content\/uploads\/2022\/07\/willis-towers-watson.png 300w\" data-sizes=\"auto\" data-orig-sizes=\"(min-width: 2200px) 100vw, (min-width: 928px) 234px, (min-width: 856px) 293px, (min-width: 784px) 391px, (min-width: 712px) 586px, (min-width: 640px) 712px, \" \/><\/a><\/div><\/div><div class=\"clearfix\"><\/div><\/div><\/div><\/div><\/div><\/div><\/div><\/p>\n","protected":false},"excerpt":{"rendered":"","protected":false},"author":1,"featured_media":0,"parent":0,"menu_order":0,"comment_status":"closed","ping_status":"closed","template":"100-width.php","meta":{"inline_featured_image":false,"footnotes":""},"class_list":["post-4317","page","type-page","status-publish","hentry"],"_links":{"self":[{"href":"https:\/\/staging.jobandjoy.eu\/de\/wp-json\/wp\/v2\/pages\/4317","targetHints":{"allow":["GET"]}}],"collection":[{"href":"https:\/\/staging.jobandjoy.eu\/de\/wp-json\/wp\/v2\/pages"}],"about":[{"href":"https:\/\/staging.jobandjoy.eu\/de\/wp-json\/wp\/v2\/types\/page"}],"author":[{"embeddable":true,"href":"https:\/\/staging.jobandjoy.eu\/de\/wp-json\/wp\/v2\/users\/1"}],"replies":[{"embeddable":true,"href":"https:\/\/staging.jobandjoy.eu\/de\/wp-json\/wp\/v2\/comments?post=4317"}],"version-history":[{"count":5,"href":"https:\/\/staging.jobandjoy.eu\/de\/wp-json\/wp\/v2\/pages\/4317\/revisions"}],"predecessor-version":[{"id":4363,"href":"https:\/\/staging.jobandjoy.eu\/de\/wp-json\/wp\/v2\/pages\/4317\/revisions\/4363"}],"wp:attachment":[{"href":"https:\/\/staging.jobandjoy.eu\/de\/wp-json\/wp\/v2\/media?parent=4317"}],"curies":[{"name":"wp","href":"https:\/\/api.w.org\/{rel}","templated":true}]}}